{"id":11280,"date":"2022-02-04T09:27:52","date_gmt":"2022-02-04T12:27:52","guid":{"rendered":"https:\/\/calisa.com.ar\/?page_id=11280"},"modified":"2022-02-04T09:27:52","modified_gmt":"2022-02-04T12:27:52","slug":"tours-360","status":"publish","type":"page","link":"https:\/\/www.grupomotta.com\/en\/tours-360\/","title":{"rendered":"360 Tours"},"content":{"rendered":"<div class=\"vc_row wpb_row vc_row-fluid\"><div class=\"wpb_column vc_column_container vc_col-sm-12\"><div class=\"vc_column-inner\"><div class=\"wpb_wrapper\"><div class=\"vc_empty_space\"   style=\"height: 72px\"><span class=\"vc_empty_space_inner\"><\/span><\/div><\/div><\/div><\/div><\/div><div class=\"vc_row wpb_row vc_row-fluid\"><div class=\"wpb_column vc_column_container vc_col-sm-12\"><div class=\"vc_column-inner\"><div class=\"wpb_wrapper\"><div class=\"vc_empty_space\"   style=\"height: 32px\"><span class=\"vc_empty_space_inner\"><\/span><\/div><\/div><\/div><\/div><\/div><div class=\"vc_row wpb_row vc_row-fluid\"><div class=\"wpb_column vc_column_container vc_col-sm-12\"><div class=\"vc_column-inner\"><div class=\"wpb_wrapper\"><div class=\"vc_empty_space\"   style=\"height: 32px\"><span class=\"vc_empty_space_inner\"><\/span><\/div><\/div><\/div><\/div><\/div><div class=\"vc_row wpb_row vc_row-fluid vc_custom_1656328539657\"><div class=\"wpb_column vc_column_container vc_col-sm-4\"><div class=\"vc_column-inner\"><div class=\"wpb_wrapper\">\n\t<div  class=\"wpb_single_image wpb_content_element vc_align_center\">\n\t\t\n\t\t<figure class=\"wpb_wrapper vc_figure\">\n\t\t\t<div class=\"vc_single_image-wrapper   vc_box_border_grey\"><img width=\"300\" height=\"93\" src=\"https:\/\/www.grupomotta.com\/wp-content\/uploads\/2023\/08\/calisa2_logos_tour_360_neg-300x93.png\" class=\"vc_single_image-img attachment-medium\" alt=\"Calisa 2 Logo\" decoding=\"async\" loading=\"lazy\" srcset=\"https:\/\/www.grupomotta.com\/wp-content\/uploads\/2023\/08\/calisa2_logos_tour_360_neg-300x93.png 300w, https:\/\/www.grupomotta.com\/wp-content\/uploads\/2023\/08\/calisa2_logos_tour_360_neg-18x6.png 18w, https:\/\/www.grupomotta.com\/wp-content\/uploads\/2023\/08\/calisa2_logos_tour_360_neg.png 302w\" sizes=\"(max-width: 300px) 100vw, 300px\"  data-dt-location=\"https:\/\/www.grupomotta.com\/en\/tours-360\/calisa2_logos_tour_360_neg\/\" \/><\/div>\n\t\t<\/figure>\n\t<\/div>\n<div id=\"modal-trg-txt-wrap-6408\" class=\"ult-modal-input-wrapper ult-adjust-bottom-margin\" data-keypress-control=\"keypress-control-enable\" data-overlay-control=\"overlay-control-enable\"><button  data-ultimate-target='#modal-trg-txt-wrap-6408 .btn-modal'  data-responsive-json-new='{\"font-size\":\"\",\"line-height\":\"\"}'  style=\"background:#ff9900;border-color:#ff9900;color:#FFFFFF; \" data-class-id=\"content-69e73300266e48-46921514\" class=\"btn-modal ult-responsive btn-primary btn-modal-md overlay-show ult-align-center btn-id-69e73300266e48-46921514\" data-overlay-class=\"overlay-cornerbottomleft\">View Tour<\/button><\/div>\n<div class=\"ult-overlay content-69e73300266e48-46921514\" data-class=\"content-69e73300266e48-46921514\" id=\"button-click-overlay\" style=\"background:rgba(51,51,51,0.98); display:none;\">\n\t<div class=\"ult_modal ult-fade ult-container\">\n\t\t<div id=\"ult-modal-wrap-6195\" class=\"ult_modal-content ult-hide\" style=\"border-style:solid;border-width:2px;border-radius:0px;border-color:#333333;\">\n\t\t\t<div class=\"ult_modal-header\" style=\"color:#333333;border-color:#333333;\">\n\t\t\t\t<h3  data-ultimate-target='#ult-modal-wrap-6195 .ult_modal-title'  data-responsive-json-new='{\"font-size\":\"\",\"line-height\":\"\"}'  class=\"ult_modal-title ult-responsive\">Calisa2 (obra en construcci\u00f3n)<\/h3>\n\t\t\t<\/div>\n\t\t\t<div  data-ultimate-target='#ult-modal-wrap-6195 .ult_modal-body'  data-responsive-json-new='{\"font-size\":\"\",\"line-height\":\"\"}'  class=\"ult_modal-body ult-responsive ult-html\" style=\"\">\n\t\t\t<\/p>\n<div id=\"3R26zSnuf_a2\"><script type=\"text\/javascript\" async data-short=\"3R26zSnuf_a2\" width=\"100%\" height=\"600px\" src=\"https:\/\/app.cloudpano.com\/public\/shareScript.js\"><\/script><\/div>\n<p>\n\t\t\t<\/div>\n\t<\/div>\n\t<\/div>\n\t<div class=\"ult-overlay-close top-right\" style=\"width:40px;height:40px; \"><div class=\"ult-overlay-close-inside\">Close<\/div><\/div>\n<\/div><\/div><\/div><\/div><div class=\"wpb_column vc_column_container vc_col-sm-4\"><div class=\"vc_column-inner\"><div class=\"wpb_wrapper\">\n\t<div  class=\"wpb_single_image wpb_content_element vc_align_center\">\n\t\t\n\t\t<figure class=\"wpb_wrapper vc_figure\">\n\t\t\t<div class=\"vc_single_image-wrapper   vc_box_border_grey\"><img width=\"216\" height=\"84\" src=\"https:\/\/www.grupomotta.com\/wp-content\/uploads\/2023\/08\/pab_logos_tour_360_neg.png\" class=\"vc_single_image-img attachment-medium\" alt=\"\" decoding=\"async\" loading=\"lazy\" srcset=\"https:\/\/www.grupomotta.com\/wp-content\/uploads\/2023\/08\/pab_logos_tour_360_neg.png 216w, https:\/\/www.grupomotta.com\/wp-content\/uploads\/2023\/08\/pab_logos_tour_360_neg-18x7.png 18w\" sizes=\"(max-width: 216px) 100vw, 216px\"  data-dt-location=\"https:\/\/www.grupomotta.com\/en\/tours-360\/pab_logos_tour_360_neg\/\" \/><\/div>\n\t\t<\/figure>\n\t<\/div>\n<div id=\"modal-trg-txt-wrap-2642\" class=\"ult-modal-input-wrapper ult-adjust-bottom-margin\" data-keypress-control=\"keypress-control-enable\" data-overlay-control=\"overlay-control-enable\"><button  data-ultimate-target='#modal-trg-txt-wrap-2642 .btn-modal'  data-responsive-json-new='{\"font-size\":\"\",\"line-height\":\"\"}'  style=\"background:#ff9900;border-color:#ff9900;color:#FFFFFF; \" data-class-id=\"content-69e7330026b547-39790003\" class=\"btn-modal ult-responsive btn-primary btn-modal-md overlay-show ult-align-center btn-id-69e7330026b547-39790003\" data-overlay-class=\"overlay-cornerbottomleft\">View Tour<\/button><\/div>\n<div class=\"ult-overlay content-69e7330026b547-39790003\" data-class=\"content-69e7330026b547-39790003\" id=\"button-click-overlay\" style=\"background:rgba(51,51,51,0.98); display:none;\">\n\t<div class=\"ult_modal ult-fade ult-container\">\n\t\t<div id=\"ult-modal-wrap-3287\" class=\"ult_modal-content ult-hide\" style=\"border-style:solid;border-width:2px;border-radius:0px;border-color:#333333;\">\n\t\t\t<div class=\"ult_modal-header\" style=\"color:#333333;border-color:#333333;\">\n\t\t\t\t<h3  data-ultimate-target='#ult-modal-wrap-3287 .ult_modal-title'  data-responsive-json-new='{\"font-size\":\"\",\"line-height\":\"\"}'  class=\"ult_modal-title ult-responsive\">PAB (Planta de Alimento Balanceado)<\/h3>\n\t\t\t<\/div>\n\t\t\t<div  data-ultimate-target='#ult-modal-wrap-3287 .ult_modal-body'  data-responsive-json-new='{\"font-size\":\"\",\"line-height\":\"\"}'  class=\"ult_modal-body ult-responsive ult-html\" style=\"\">\n\t\t\t<iframe loading=\"lazy\" title=\"YouTube video player\" src=\"https:\/\/www.youtube.com\/embed\/AFoyoSwtyYc\" width=\"100%\" height=\"500\" frameborder=\"0\" allowfullscreen=\"allowfullscreen\"><\/iframe>\n\t\t\t<\/div>\n\t<\/div>\n\t<\/div>\n\t<div class=\"ult-overlay-close top-right\" style=\"width:40px;height:40px; \"><div class=\"ult-overlay-close-inside\">Close<\/div><\/div>\n<\/div><\/div><\/div><\/div><div class=\"wpb_column vc_column_container vc_col-sm-4\"><div class=\"vc_column-inner\"><div class=\"wpb_wrapper\">\n\t<div  class=\"wpb_single_image wpb_content_element vc_align_center\">\n\t\t\n\t\t<figure class=\"wpb_wrapper vc_figure\">\n\t\t\t<div class=\"vc_single_image-wrapper   vc_box_border_grey\"><img width=\"275\" height=\"86\" src=\"https:\/\/www.grupomotta.com\/wp-content\/uploads\/2023\/08\/asado_logos_tour_360_neg.png\" class=\"vc_single_image-img attachment-medium\" alt=\"Logo Asado\" decoding=\"async\" loading=\"lazy\" srcset=\"https:\/\/www.grupomotta.com\/wp-content\/uploads\/2023\/08\/asado_logos_tour_360_neg.png 275w, https:\/\/www.grupomotta.com\/wp-content\/uploads\/2023\/08\/asado_logos_tour_360_neg-18x6.png 18w\" sizes=\"(max-width: 275px) 100vw, 275px\"  data-dt-location=\"https:\/\/www.grupomotta.com\/en\/tours-360\/asado_logos_tour_360_neg\/\" \/><\/div>\n\t\t<\/figure>\n\t<\/div>\n<div id=\"modal-trg-txt-wrap-4080\" class=\"ult-modal-input-wrapper ult-adjust-bottom-margin\" data-keypress-control=\"keypress-control-enable\" data-overlay-control=\"overlay-control-enable\"><button  data-ultimate-target='#modal-trg-txt-wrap-4080 .btn-modal'  data-responsive-json-new='{\"font-size\":\"\",\"line-height\":\"\"}'  style=\"background:#ff9900;border-color:#ff9900;color:#FFFFFF; \" data-class-id=\"content-69e7330026f822-39825949\" class=\"btn-modal ult-responsive btn-primary btn-modal-md overlay-show ult-align-center btn-id-69e7330026f822-39825949\" data-overlay-class=\"overlay-cornerbottomleft\">View Tour<\/button><\/div>\n<div class=\"ult-overlay content-69e7330026f822-39825949\" data-class=\"content-69e7330026f822-39825949\" id=\"button-click-overlay\" style=\"background:rgba(51,51,51,0.98); display:none;\">\n\t<div class=\"ult_modal ult-fade ult-container\">\n\t\t<div id=\"ult-modal-wrap-7755\" class=\"ult_modal-content ult-hide\" style=\"border-style:solid;border-width:2px;border-radius:0px;border-color:#333333;\">\n\t\t\t<div class=\"ult_modal-header\" style=\"color:#333333;border-color:#333333;\">\n\t\t\t\t<h3  data-ultimate-target='#ult-modal-wrap-7755 .ult_modal-title'  data-responsive-json-new='{\"font-size\":\"\",\"line-height\":\"\"}'  class=\"ult_modal-title ult-responsive\">PAB (Planta de Alimento Balanceado)<\/h3>\n\t\t\t<\/div>\n\t\t\t<div  data-ultimate-target='#ult-modal-wrap-7755 .ult_modal-body'  data-responsive-json-new='{\"font-size\":\"\",\"line-height\":\"\"}'  class=\"ult_modal-body ult-responsive ult-html\" style=\"\">\n\t\t\t<\/p>\n<div id=\"_rLqqktWqm3Ge\"><script type=\"text\/javascript\" async data-short=\"_rLqqktWqm3Ge\" width=\"100%\" height=\"500px\" src=\"https:\/\/app.cloudpano.com\/public\/shareScript.js\"><\/script><\/div>\n<p>\n\t\t\t<\/div>\n\t<\/div>\n\t<\/div>\n\t<div class=\"ult-overlay-close top-right\" style=\"width:40px;height:40px; \"><div class=\"ult-overlay-close-inside\">Close<\/div><\/div>\n<\/div><\/div><\/div><\/div><\/div><div class=\"vc_row wpb_row vc_row-fluid\"><div class=\"wpb_column vc_column_container vc_col-sm-12\"><div class=\"vc_column-inner\"><div class=\"wpb_wrapper\"><div class=\"vc_empty_space\"   style=\"height: 32px\"><span class=\"vc_empty_space_inner\"><\/span><\/div><\/div><\/div><\/div><\/div><div class=\"vc_row wpb_row vc_row-fluid vc_custom_1656328539657\"><div class=\"wpb_column vc_column_container vc_col-sm-4\"><div class=\"vc_column-inner\"><div class=\"wpb_wrapper\"><\/div><\/div><\/div><div class=\"wpb_column vc_column_container vc_col-sm-4\"><div class=\"vc_column-inner\"><div class=\"wpb_wrapper\">\n\t<div  class=\"wpb_single_image wpb_content_element vc_align_center\">\n\t\t\n\t\t<figure class=\"wpb_wrapper vc_figure\">\n\t\t\t<div class=\"vc_single_image-wrapper   vc_box_border_grey\"><img width=\"300\" height=\"79\" src=\"https:\/\/www.grupomotta.com\/wp-content\/uploads\/2023\/08\/sembrando_logos_tour_360_neg-300x79.png\" class=\"vc_single_image-img attachment-medium\" alt=\"Logo Sembrando Futuro\" decoding=\"async\" loading=\"lazy\" srcset=\"https:\/\/www.grupomotta.com\/wp-content\/uploads\/2023\/08\/sembrando_logos_tour_360_neg-300x79.png 300w, https:\/\/www.grupomotta.com\/wp-content\/uploads\/2023\/08\/sembrando_logos_tour_360_neg-18x5.png 18w, https:\/\/www.grupomotta.com\/wp-content\/uploads\/2023\/08\/sembrando_logos_tour_360_neg.png 330w\" sizes=\"(max-width: 300px) 100vw, 300px\"  data-dt-location=\"https:\/\/www.grupomotta.com\/en\/tours-360\/sembrando_logos_tour_360_neg\/\" \/><\/div>\n\t\t<\/figure>\n\t<\/div>\n<div id=\"modal-trg-txt-wrap-6374\" class=\"ult-modal-input-wrapper ult-adjust-bottom-margin\" data-keypress-control=\"keypress-control-enable\" data-overlay-control=\"overlay-control-enable\"><button  data-ultimate-target='#modal-trg-txt-wrap-6374 .btn-modal'  data-responsive-json-new='{\"font-size\":\"\",\"line-height\":\"\"}'  style=\"background:#ff9900;border-color:#ff9900;color:#FFFFFF; \" data-class-id=\"content-69e73300278d14-74127949\" class=\"btn-modal ult-responsive btn-primary btn-modal-md overlay-show ult-align-center btn-id-69e73300278d14-74127949\" data-overlay-class=\"overlay-cornerbottomleft\">View Tour<\/button><\/div>\n<div class=\"ult-overlay content-69e73300278d14-74127949\" data-class=\"content-69e73300278d14-74127949\" id=\"button-click-overlay\" style=\"background:rgba(51,51,51,0.98); display:none;\">\n\t<div class=\"ult_modal ult-fade ult-container\">\n\t\t<div id=\"ult-modal-wrap-2570\" class=\"ult_modal-content ult-hide\" style=\"border-style:solid;border-width:2px;border-radius:0px;border-color:#333333;\">\n\t\t\t<div class=\"ult_modal-header\" style=\"color:#333333;border-color:#333333;\">\n\t\t\t\t<h3  data-ultimate-target='#ult-modal-wrap-2570 .ult_modal-title'  data-responsive-json-new='{\"font-size\":\"\",\"line-height\":\"\"}'  class=\"ult_modal-title ult-responsive\">Sembrando Futuro<\/h3>\n\t\t\t<\/div>\n\t\t\t<div  data-ultimate-target='#ult-modal-wrap-2570 .ult_modal-body'  data-responsive-json-new='{\"font-size\":\"\",\"line-height\":\"\"}'  class=\"ult_modal-body ult-responsive ult-html\" style=\"\">\n\t\t\t<iframe loading=\"lazy\" src=\"https:\/\/www.youtube.com\/embed\/AFoyoSwtyYc\" width=\"100%\" height=\"500\" frameborder=\"0\" allowfullscreen=\"allowfullscreen\"><\/iframe>\n\t\t\t<\/div>\n\t<\/div>\n\t<\/div>\n\t<div class=\"ult-overlay-close top-right\" style=\"width:40px;height:40px; \"><div class=\"ult-overlay-close-inside\">Close<\/div><\/div>\n<\/div><\/div><\/div><\/div><div class=\"wpb_column vc_column_container vc_col-sm-4\"><div class=\"vc_column-inner\"><div class=\"wpb_wrapper\"><\/div><\/div><\/div><\/div><div class=\"vc_row wpb_row vc_row-fluid\"><div class=\"wpb_column vc_column_container vc_col-sm-12\"><div class=\"vc_column-inner\"><div class=\"wpb_wrapper\"><div class=\"vc_empty_space\"   style=\"height: 32px\"><span class=\"vc_empty_space_inner\"><\/span><\/div><\/div><\/div><\/div><\/div><div class=\"vc_row wpb_row vc_row-fluid\"><div class=\"wpb_column vc_column_container vc_col-sm-12\"><div class=\"vc_column-inner\"><div class=\"wpb_wrapper\"><div class=\"templatera_shortcode\"><div data-vc-full-width=\"true\" data-vc-full-width-init=\"false\" class=\"vc_row wpb_row vc_row-fluid wpb_animate_when_almost_visible wpb_fadeIn fadeIn vc_custom_1584126042027\"><div class=\"wpb_column vc_column_container vc_col-sm-2\"><div class=\"vc_column-inner\"><div class=\"wpb_wrapper\"><\/div><\/div><\/div><div class=\"wpb_column vc_column_container vc_col-sm-8\"><div class=\"vc_column-inner\"><div class=\"wpb_wrapper\">\n\t<div class=\"wpb_text_column wpb_content_element  wpb_animate_when_almost_visible wpb_fadeIn fadeIn\" >\n\t\t<div class=\"wpb_wrapper\">\n\t\t\t<h1 style=\"text-align: center;\"><span style=\"color: #ffffff;\">Can we help you?<\/span><\/h1>\n\n\t\t<\/div>\n\t<\/div>\n\n\t<div class=\"wpb_text_column wpb_content_element  wpb_animate_when_almost_visible wpb_fadeIn fadeIn\" >\n\t\t<div class=\"wpb_wrapper\">\n\t\t\t<h4 style=\"text-align: center;\"><span style=\"color: #ffffff;\">Grupo Motta is an Argentine agrifood company specialized in the poultry sector, with six decades of experience, a leader in the national market and with a sustained and growing presence in the international market.<\/span><\/h4>\n\n\t\t<\/div>\n\t<\/div>\n<div class=\"vc_btn3-container  wpb_animate_when_almost_visible wpb_fadeInUp fadeInUp vc_btn3-center\" ><a class=\"vc_general vc_btn3 vc_btn3-size-md vc_btn3-shape-round vc_btn3-style-flat vc_btn3-color-warning\" href=\"https:\/\/www.grupomotta.com\/en\/contacto\/\" title=\"Contact\"><b>CONTACT US<\/b><\/a><\/div><\/div><\/div><\/div><div class=\"wpb_column vc_column_container vc_col-sm-2\"><div class=\"vc_column-inner\"><div class=\"wpb_wrapper\"><\/div><\/div><\/div><\/div><div class=\"vc_row-full-width vc_clearfix\"><\/div><!-- Row Backgrounds --><div class=\"upb_content_iframe\" data-controls=\"\" data-viewport-video=\"false\" data-ultimate-video=\"https:\/\/www.youtube.com\/watch?v=xqrkbgjZSb0\" data-bg-override=\"0\" data-start-time=\"2\" data-stop-time=\"\" data-ultimate-video-muted=\"muted\" data-ultimate-video-loop=\"loop\" data-ultimate-video-poster=\"https:\/\/www.grupomotta.com\/wp-content\/uploads\/2020\/02\/grupomotta_placeholder.jpg\" data-upb-overlay-color=\"rgba(0,51,23,0.85)\" data-upb-bg-animation=\"\" data-fadeout=\"\" data-fadeout-percentage=\"30\"  data-parallax-content=\"\" data-parallax-content-sense=\"30\" data-row-effect-mobile-disable=\"true\" data-img-parallax-mobile-disable=\"true\" data-rtl=\"false\"  data-custom-vc-row=\"\"  data-vc=\"6.2.0\"  data-is_old_vc=\"\"  data-theme-support=\"\"   data-overlay=\"true\" data-overlay-color=\"rgba(0,51,23,0.85)\" data-overlay-pattern=\"\" data-overlay-pattern-opacity=\"0.8\" data-overlay-pattern-size=\"\" data-overlay-pattern-attachment=\"scroll\"     data-video_fixer=\"true\"><\/div><\/div><\/div><\/div><\/div><\/div>","protected":false},"excerpt":{"rendered":"<p>View Tour Calisa2 (obra en construcci\u00f3n) Close View Tour PAB (Planta de Alimento Balanceado) Close View Tour PAB (Planta de Alimento Balanceado) Close View Tour Sembrando Futuro Close \u00bfPodemos ayudarte? Grupo Motta es una empresa agroalimentaria argentina especializada en el sector av\u00edcola, con seis d\u00e9cadas de trayectoria, l\u00edder en el mercado nacional y con una&hellip;<\/p>","protected":false},"author":9,"featured_media":0,"parent":0,"menu_order":0,"comment_status":"closed","ping_status":"closed","template":"","meta":{"footnotes":""},"yst_prominent_words":[],"publishpress_future_action":{"enabled":false,"date":"2026-04-28 05:19:12","action":"draft","terms":[],"taxonomy":""},"_links":{"self":[{"href":"https:\/\/www.grupomotta.com\/en\/wp-json\/wp\/v2\/pages\/11280"}],"collection":[{"href":"https:\/\/www.grupomotta.com\/en\/wp-json\/wp\/v2\/pages"}],"about":[{"href":"https:\/\/www.grupomotta.com\/en\/wp-json\/wp\/v2\/types\/page"}],"author":[{"embeddable":true,"href":"https:\/\/www.grupomotta.com\/en\/wp-json\/wp\/v2\/users\/9"}],"replies":[{"embeddable":true,"href":"https:\/\/www.grupomotta.com\/en\/wp-json\/wp\/v2\/comments?post=11280"}],"version-history":[{"count":0,"href":"https:\/\/www.grupomotta.com\/en\/wp-json\/wp\/v2\/pages\/11280\/revisions"}],"wp:attachment":[{"href":"https:\/\/www.grupomotta.com\/en\/wp-json\/wp\/v2\/media?parent=11280"}],"wp:term":[{"taxonomy":"yst_prominent_words","embeddable":true,"href":"https:\/\/www.grupomotta.com\/en\/wp-json\/wp\/v2\/yst_prominent_words?post=11280"}],"curies":[{"name":"wp","href":"https:\/\/api.w.org\/{rel}","templated":true}]}}